{"id":1225,"date":"2013-12-29T09:48:38","date_gmt":"2013-12-29T09:48:38","guid":{"rendered":"http:\/\/tamacanada.ca\/?page_id=1225"},"modified":"2021-08-02T13:09:32","modified_gmt":"2021-08-02T13:09:32","slug":"le-groupe-tama","status":"publish","type":"page","link":"https:\/\/www.tamacanada.ca\/fr\/le-groupe-tama\/","title":{"rendered":"Le groupe TAMA"},"content":{"rendered":"<p>TAMA est une entreprise qui a \u00e9t\u00e9 fond\u00e9e par deux kibboutz, Mishmar Ha\u2019Emek et Gal\u2019ed il y a 70 ans. Depuis sa cr\u00e9ation, Tama a grandi et s\u2019est d\u00e9velopp\u00e9 tout en restant proche de son savoir-faire et de l\u2019origine agricole de la communaut\u00e9 qui le compose. Le m\u00e9lange entre les techniques modernes de l\u2019activit\u00e9 agricole, les processus de fabrication de pointe et les valeurs agricoles ont fait de TAMA une entreprise renomm\u00e9e dans le monde entier qui emploie plus de 1700 personnes dans le monde.<\/p>\n","protected":false},"excerpt":{"rendered":"<p>TAMA est une entreprise qui a \u00e9t\u00e9 fond\u00e9e par deux kibboutz, Mishmar Ha\u2019Emek et Gal\u2019ed il y a 70 ans.&hellip; <a href=\"https:\/\/www.tamacanada.ca\/fr\/le-groupe-tama\/\" class=\"readMore\" title=\"Le groupe TAMA\">Lire plus\u2026<\/a><\/p>\n","protected":false},"author":1,"featured_media":1226,"parent":0,"menu_order":0,"comment_status":"closed","ping_status":"open","template":"","meta":{"footnotes":""},"class_list":["post-1225","page","type-page","status-publish","has-post-thumbnail","hentry"],"aioseo_notices":[],"_links":{"self":[{"href":"https:\/\/www.tamacanada.ca\/fr\/wp-json\/wp\/v2\/pages\/1225","targetHints":{"allow":["GET"]}}],"collection":[{"href":"https:\/\/www.tamacanada.ca\/fr\/wp-json\/wp\/v2\/pages"}],"about":[{"href":"https:\/\/www.tamacanada.ca\/fr\/wp-json\/wp\/v2\/types\/page"}],"author":[{"embeddable":true,"href":"https:\/\/www.tamacanada.ca\/fr\/wp-json\/wp\/v2\/users\/1"}],"replies":[{"embeddable":true,"href":"https:\/\/www.tamacanada.ca\/fr\/wp-json\/wp\/v2\/comments?post=1225"}],"version-history":[{"count":3,"href":"https:\/\/www.tamacanada.ca\/fr\/wp-json\/wp\/v2\/pages\/1225\/revisions"}],"predecessor-version":[{"id":2063,"href":"https:\/\/www.tamacanada.ca\/fr\/wp-json\/wp\/v2\/pages\/1225\/revisions\/2063"}],"wp:featuredmedia":[{"embeddable":true,"href":"https:\/\/www.tamacanada.ca\/fr\/wp-json\/wp\/v2\/media\/1226"}],"wp:attachment":[{"href":"https:\/\/www.tamacanada.ca\/fr\/wp-json\/wp\/v2\/media?parent=1225"}],"curies":[{"name":"wp","href":"https:\/\/api.w.org\/{rel}","templated":true}]}}