{"id":2,"date":"2013-09-09T06:17:57","date_gmt":"2013-09-09T06:17:57","guid":{"rendered":"http:\/\/tamacanada.ca\/?page_id=2"},"modified":"2015-10-01T05:07:54","modified_gmt":"2015-10-01T05:07:54","slug":"relations-machinistes","status":"publish","type":"page","link":"https:\/\/www.tamacanada.ca\/fr\/relations-machinistes\/","title":{"rendered":"Relations machinistes"},"content":{"rendered":"<p>Au fil des ans, Tama s\u2019est naturellement impos\u00e9 comme fournisseur d\u2019emballages de r\u00e9colte pour une majorit\u00e9 de fabricants machinistes.<br \/>\nLes collaborations ont lieu sur le d\u00e9veloppement des machines et des emballages des produits, validation de la conformit\u00e9 des produits, distribution des gammes de produits d\u2019emballages des r\u00e9coltes.<\/p>\n<p>Ces \u00e9troites relations nous ont appris \u00e0 adapter nos produits aux besoins de nos clients.\u00a0Un exemple notable est l\u2019\u00e9norme succ\u00e8s de la collaboration de 7 ann\u00e9es avec John Deere qui a permis la cr\u00e9ation des presses et syst\u00e8me de filets CoverEdge\u2122.<\/p>\n","protected":false},"excerpt":{"rendered":"<p>Au fil des ans, Tama s\u2019est naturellement impos\u00e9 comme fournisseur d\u2019emballages de r\u00e9colte pour une majorit\u00e9 de fabricants machinistes. Les&hellip; <a href=\"https:\/\/www.tamacanada.ca\/fr\/relations-machinistes\/\" class=\"readMore\" title=\"Relations machinistes\">Lire plus\u2026<\/a><\/p>\n","protected":false},"author":1,"featured_media":1555,"parent":0,"menu_order":0,"comment_status":"closed","ping_status":"open","template":"page-Oem.php","meta":{"footnotes":""},"class_list":["post-2","page","type-page","status-publish","has-post-thumbnail","hentry"],"aioseo_notices":[],"_links":{"self":[{"href":"https:\/\/www.tamacanada.ca\/fr\/wp-json\/wp\/v2\/pages\/2","targetHints":{"allow":["GET"]}}],"collection":[{"href":"https:\/\/www.tamacanada.ca\/fr\/wp-json\/wp\/v2\/pages"}],"about":[{"href":"https:\/\/www.tamacanada.ca\/fr\/wp-json\/wp\/v2\/types\/page"}],"author":[{"embeddable":true,"href":"https:\/\/www.tamacanada.ca\/fr\/wp-json\/wp\/v2\/users\/1"}],"replies":[{"embeddable":true,"href":"https:\/\/www.tamacanada.ca\/fr\/wp-json\/wp\/v2\/comments?post=2"}],"version-history":[{"count":9,"href":"https:\/\/www.tamacanada.ca\/fr\/wp-json\/wp\/v2\/pages\/2\/revisions"}],"predecessor-version":[{"id":1431,"href":"https:\/\/www.tamacanada.ca\/fr\/wp-json\/wp\/v2\/pages\/2\/revisions\/1431"}],"wp:featuredmedia":[{"embeddable":true,"href":"https:\/\/www.tamacanada.ca\/fr\/wp-json\/wp\/v2\/media\/1555"}],"wp:attachment":[{"href":"https:\/\/www.tamacanada.ca\/fr\/wp-json\/wp\/v2\/media?parent=2"}],"curies":[{"name":"wp","href":"https:\/\/api.w.org\/{rel}","templated":true}]}}