{"id":21,"date":"2013-09-09T11:04:53","date_gmt":"2013-09-09T11:04:53","guid":{"rendered":"http:\/\/tamacanada.ca\/?page_id=21"},"modified":"2015-10-01T05:07:54","modified_gmt":"2015-10-01T05:07:54","slug":"marketing-mondial","status":"publish","type":"page","link":"https:\/\/www.tamacanada.ca\/fr\/marketing-mondial\/","title":{"rendered":"Marketing mondial"},"content":{"rendered":"<p><strong>Nous sommes partout !<\/strong><br \/>\nTAMA a implant\u00e9 des soci\u00e9t\u00e9s de vente et de marketing dans les principaux march\u00e9s, ce qui permet une communication simplifi\u00e9e \/ ce qui facilite la communication avec ses clients et permet une meilleure compr\u00e9hension de leurs besoins. En tant qu\u2019agriculteurs, nous savons que des relations personnelles fortes, sur lesquelles on peut compter sont garantes du succ\u00e8s de n\u2019importe quelle exploitation.<\/p>\n<p>Nos services pour nos revendeurs incluent des formations commerciales et techniques, ainsi qu\u2019un accompagnement terrain. La pr\u00e9sence mondiale des unit\u00e9s de production permet \u00e0 TAMA d\u2019avoir une pr\u00e9sence forte dans tous les march\u00e9s cl\u00e9s.<\/p>\n","protected":false},"excerpt":{"rendered":"<p>Nous sommes partout ! TAMA a implant\u00e9 des soci\u00e9t\u00e9s de vente et de marketing dans les principaux march\u00e9s, ce qui&hellip; <a href=\"https:\/\/www.tamacanada.ca\/fr\/marketing-mondial\/\" class=\"readMore\" title=\"Marketing mondial\">Lire plus\u2026<\/a><\/p>\n","protected":false},"author":1,"featured_media":1047,"parent":0,"menu_order":0,"comment_status":"closed","ping_status":"open","template":"page-company.php","meta":{"footnotes":""},"class_list":["post-21","page","type-page","status-publish","has-post-thumbnail","hentry"],"aioseo_notices":[],"_links":{"self":[{"href":"https:\/\/www.tamacanada.ca\/fr\/wp-json\/wp\/v2\/pages\/21","targetHints":{"allow":["GET"]}}],"collection":[{"href":"https:\/\/www.tamacanada.ca\/fr\/wp-json\/wp\/v2\/pages"}],"about":[{"href":"https:\/\/www.tamacanada.ca\/fr\/wp-json\/wp\/v2\/types\/page"}],"author":[{"embeddable":true,"href":"https:\/\/www.tamacanada.ca\/fr\/wp-json\/wp\/v2\/users\/1"}],"replies":[{"embeddable":true,"href":"https:\/\/www.tamacanada.ca\/fr\/wp-json\/wp\/v2\/comments?post=21"}],"version-history":[{"count":6,"href":"https:\/\/www.tamacanada.ca\/fr\/wp-json\/wp\/v2\/pages\/21\/revisions"}],"predecessor-version":[{"id":1433,"href":"https:\/\/www.tamacanada.ca\/fr\/wp-json\/wp\/v2\/pages\/21\/revisions\/1433"}],"wp:featuredmedia":[{"embeddable":true,"href":"https:\/\/www.tamacanada.ca\/fr\/wp-json\/wp\/v2\/media\/1047"}],"wp:attachment":[{"href":"https:\/\/www.tamacanada.ca\/fr\/wp-json\/wp\/v2\/media?parent=21"}],"curies":[{"name":"wp","href":"https:\/\/api.w.org\/{rel}","templated":true}]}}