{"id":435,"date":"2013-10-01T07:02:06","date_gmt":"2013-10-01T07:02:06","guid":{"rendered":"http:\/\/tamacanada.ca\/?page_id=435"},"modified":"2015-10-01T05:07:54","modified_gmt":"2015-10-01T05:07:54","slug":"recherche-et-developpement","status":"publish","type":"page","link":"https:\/\/www.tamacanada.ca\/fr\/recherche-et-developpement\/","title":{"rendered":"Recherche et d\u00e9veloppement"},"content":{"rendered":"<p>Tama s\u2019efforce continuellement d\u2019am\u00e9liorer ses produits et m\u00e9thodes de production afin que les agriculteurs et entrepreneurs puissent b\u00e9n\u00e9ficier de produits correspondant parfaitement \u00e0 leurs besoins. Tous nos produits sont d\u00e9velopp\u00e9s et test\u00e9s dans nos champs, ce qui nous permet d\u2019identifier les potentiels probl\u00e8mes que peuvent avoir nos clients au quotidien, et d\u2019y apporter les meilleures solutions.<br \/>\nLa vaste exp\u00e9rience accumul\u00e9e qu\u2019a l\u2019\u00e9quipe de recherche et d\u00e9veloppement de TAMA \u00e0 la fois dans les plastiques agricoles mais aussi dans le machinisme, conf\u00e8re \u00e0 TAMA une position de leader sur le march\u00e9 des produits d\u2019emballage de r\u00e9colte.<\/p>\n","protected":false},"excerpt":{"rendered":"<p>Tama s\u2019efforce continuellement d\u2019am\u00e9liorer ses produits et m\u00e9thodes de production afin que les agriculteurs et entrepreneurs puissent b\u00e9n\u00e9ficier de produits&hellip; <a href=\"https:\/\/www.tamacanada.ca\/fr\/recherche-et-developpement\/\" class=\"readMore\" title=\"Recherche et d\u00e9veloppement\">Lire plus\u2026<\/a><\/p>\n","protected":false},"author":1,"featured_media":1488,"parent":0,"menu_order":0,"comment_status":"closed","ping_status":"open","template":"","meta":{"footnotes":""},"class_list":["post-435","page","type-page","status-publish","has-post-thumbnail","hentry"],"aioseo_notices":[],"_links":{"self":[{"href":"https:\/\/www.tamacanada.ca\/fr\/wp-json\/wp\/v2\/pages\/435","targetHints":{"allow":["GET"]}}],"collection":[{"href":"https:\/\/www.tamacanada.ca\/fr\/wp-json\/wp\/v2\/pages"}],"about":[{"href":"https:\/\/www.tamacanada.ca\/fr\/wp-json\/wp\/v2\/types\/page"}],"author":[{"embeddable":true,"href":"https:\/\/www.tamacanada.ca\/fr\/wp-json\/wp\/v2\/users\/1"}],"replies":[{"embeddable":true,"href":"https:\/\/www.tamacanada.ca\/fr\/wp-json\/wp\/v2\/comments?post=435"}],"version-history":[{"count":4,"href":"https:\/\/www.tamacanada.ca\/fr\/wp-json\/wp\/v2\/pages\/435\/revisions"}],"predecessor-version":[{"id":1442,"href":"https:\/\/www.tamacanada.ca\/fr\/wp-json\/wp\/v2\/pages\/435\/revisions\/1442"}],"wp:featuredmedia":[{"embeddable":true,"href":"https:\/\/www.tamacanada.ca\/fr\/wp-json\/wp\/v2\/media\/1488"}],"wp:attachment":[{"href":"https:\/\/www.tamacanada.ca\/fr\/wp-json\/wp\/v2\/media?parent=435"}],"curies":[{"name":"wp","href":"https:\/\/api.w.org\/{rel}","templated":true}]}}