{"id":438,"date":"2013-10-01T07:11:02","date_gmt":"2013-10-01T07:11:02","guid":{"rendered":"http:\/\/tamacanada.ca\/?page_id=438"},"modified":"2015-10-01T05:07:54","modified_gmt":"2015-10-01T05:07:54","slug":"les-racines-de-tama","status":"publish","type":"page","link":"https:\/\/www.tamacanada.ca\/fr\/les-racines-de-tama\/","title":{"rendered":"Les racines de TAMA"},"content":{"rendered":"<p>Pendant plus de 90 ans, les membres du kibboutz se sont lev\u00e9s \u00e0 l\u2019aube pour travailler la terre. \u00a0Ce pass\u00e9 agricole est ce qui permet \u00e0 TAMA de comprendre et de partager les valeurs du monde agricole d\u2019aujourd\u2019hui. La direction de TAMA est maintenant entre les mains de la troisi\u00e8me g\u00e9n\u00e9ration du kibboutz qui continue de porter la vision des fondateurs vers le futur.<\/p>\n","protected":false},"excerpt":{"rendered":"<p>Pendant plus de 90 ans, les membres du kibboutz se sont lev\u00e9s \u00e0 l\u2019aube pour travailler la terre. \u00a0Ce pass\u00e9&hellip; <a href=\"https:\/\/www.tamacanada.ca\/fr\/les-racines-de-tama\/\" class=\"readMore\" title=\"Les racines de TAMA\">Lire plus\u2026<\/a><\/p>\n","protected":false},"author":1,"featured_media":1440,"parent":0,"menu_order":0,"comment_status":"closed","ping_status":"open","template":"page-ourRoots.php","meta":{"footnotes":""},"class_list":["post-438","page","type-page","status-publish","has-post-thumbnail","hentry"],"aioseo_notices":[],"_links":{"self":[{"href":"https:\/\/www.tamacanada.ca\/fr\/wp-json\/wp\/v2\/pages\/438","targetHints":{"allow":["GET"]}}],"collection":[{"href":"https:\/\/www.tamacanada.ca\/fr\/wp-json\/wp\/v2\/pages"}],"about":[{"href":"https:\/\/www.tamacanada.ca\/fr\/wp-json\/wp\/v2\/types\/page"}],"author":[{"embeddable":true,"href":"https:\/\/www.tamacanada.ca\/fr\/wp-json\/wp\/v2\/users\/1"}],"replies":[{"embeddable":true,"href":"https:\/\/www.tamacanada.ca\/fr\/wp-json\/wp\/v2\/comments?post=438"}],"version-history":[{"count":6,"href":"https:\/\/www.tamacanada.ca\/fr\/wp-json\/wp\/v2\/pages\/438\/revisions"}],"predecessor-version":[{"id":1441,"href":"https:\/\/www.tamacanada.ca\/fr\/wp-json\/wp\/v2\/pages\/438\/revisions\/1441"}],"wp:featuredmedia":[{"embeddable":true,"href":"https:\/\/www.tamacanada.ca\/fr\/wp-json\/wp\/v2\/media\/1440"}],"wp:attachment":[{"href":"https:\/\/www.tamacanada.ca\/fr\/wp-json\/wp\/v2\/media?parent=438"}],"curies":[{"name":"wp","href":"https:\/\/api.w.org\/{rel}","templated":true}]}}