{"id":476,"date":"2013-10-01T13:06:08","date_gmt":"2013-10-01T13:06:08","guid":{"rendered":"http:\/\/tamacanada.ca\/?page_id=476"},"modified":"2015-10-01T05:07:54","modified_gmt":"2015-10-01T05:07:54","slug":"nos-activites-agricoles","status":"publish","type":"page","link":"https:\/\/www.tamacanada.ca\/fr\/nos-activites-agricoles\/","title":{"rendered":"Nos activit\u00e9s agricoles"},"content":{"rendered":"<p><strong>Cliquez sur les activit\u00e9s pour avoir un aper\u00e7u de la vie dans nos fermes<\/strong><\/p>\n","protected":false},"excerpt":{"rendered":"<p>Cliquez sur les activit\u00e9s pour avoir un aper\u00e7u de la vie dans nos fermes<\/p>\n","protected":false},"author":1,"featured_media":1449,"parent":0,"menu_order":0,"comment_status":"closed","ping_status":"open","template":"page-Activities.php","meta":{"footnotes":""},"class_list":["post-476","page","type-page","status-publish","has-post-thumbnail","hentry"],"aioseo_notices":[],"_links":{"self":[{"href":"https:\/\/www.tamacanada.ca\/fr\/wp-json\/wp\/v2\/pages\/476","targetHints":{"allow":["GET"]}}],"collection":[{"href":"https:\/\/www.tamacanada.ca\/fr\/wp-json\/wp\/v2\/pages"}],"about":[{"href":"https:\/\/www.tamacanada.ca\/fr\/wp-json\/wp\/v2\/types\/page"}],"author":[{"embeddable":true,"href":"https:\/\/www.tamacanada.ca\/fr\/wp-json\/wp\/v2\/users\/1"}],"replies":[{"embeddable":true,"href":"https:\/\/www.tamacanada.ca\/fr\/wp-json\/wp\/v2\/comments?post=476"}],"version-history":[{"count":6,"href":"https:\/\/www.tamacanada.ca\/fr\/wp-json\/wp\/v2\/pages\/476\/revisions"}],"predecessor-version":[{"id":1448,"href":"https:\/\/www.tamacanada.ca\/fr\/wp-json\/wp\/v2\/pages\/476\/revisions\/1448"}],"wp:featuredmedia":[{"embeddable":true,"href":"https:\/\/www.tamacanada.ca\/fr\/wp-json\/wp\/v2\/media\/1449"}],"wp:attachment":[{"href":"https:\/\/www.tamacanada.ca\/fr\/wp-json\/wp\/v2\/media?parent=476"}],"curies":[{"name":"wp","href":"https:\/\/api.w.org\/{rel}","templated":true}]}}