{"id":501,"date":"2013-10-02T06:37:49","date_gmt":"2013-10-02T06:37:49","guid":{"rendered":"http:\/\/tamacanada.ca\/?page_id=501"},"modified":"2023-07-20T12:57:13","modified_gmt":"2023-07-20T12:57:13","slug":"liens-utiles","status":"publish","type":"page","link":"https:\/\/www.tamacanada.ca\/fr\/liens-utiles\/","title":{"rendered":"Liens Utiles"},"content":{"rendered":"<p><strong>Liens pratiques:<\/strong><\/p>\n<ul>\n<li><strong>Optimisation de l\u2019accessoire de filet d\u2019enrobage sur les presses des s\u00e9ries 7 et 8 John Deere pour emp\u00eacher les d\u00e9chirures et l\u2019endommagement du filet.<\/strong><br \/>\n<a title=\"Conseils pratiques de JD\" href=\"http:\/\/tamacanada.ca\/fr\/wp-content\/uploads\/2013\/12\/JD_Helpful_hints.pdf\" target=\"_blank\" rel=\"noopener noreferrer\" data-wplink-edit=\"true\">Conseils pratiques de JD<br \/>\n<\/a><\/li>\n<li><strong>Delta Farm Press<\/strong><br \/>\n<a title=\"Bordant l\u2019autoroute en rose John Deere\" href=\"http:\/\/deltafarmpress.com\/cotton\/lining-highway-john-deere-pink\" target=\"_blank\" rel=\"noopener noreferrer\">Bordant l\u2019autoroute en rose John Deere<br \/>\n<\/a><\/li>\n<li><b><\/b><strong>Deere.com<br \/>\n<\/strong><a title=\"John Deere : Ficelle vs filet d\u2019enrobage CoverEdge<sup>\u2122<\/sup>, Calculatrice de comparaison des co\u00fbts\" href=\"http:\/\/www.deere.com\/servlet\/CoverEdgeVsTwineServlet\" target=\"_blank\" rel=\"noopener noreferrer\">John Deere : Ficelle vs filet d\u2019enrobage CoverEdge&#x2122;, Calculatrice de comparaison des co\u00fbts<br \/>\n<\/a><\/li>\n<li><b>Virginia Cooperative Extension<br \/>\n<\/b><a title=\"Conseils pour g\u00e9rer la pr\u00e9vention et le contr\u00f4le des incendies lors de la r\u00e9colte, du d\u00e9placement, et de l\u2019entreposage du foin en balles cylindriques\" href=\"http:\/\/www.pubs.ext.vt.edu\/442\/442-454\/442-454.html\" target=\"_blank\" rel=\"noopener noreferrer\">Conseils pour g\u00e9rer la pr\u00e9vention et le contr\u00f4le des incendies lors de la r\u00e9colte, du d\u00e9placement, et de l\u2019entreposage du foin en balles cylindriques<\/a><a title=\"Hay Fire Prevention and Control\" href=\"http:\/\/www.pubs.ext.vt.edu\/442\/442-105\/442-105.html\" target=\"_blank\" rel=\"noopener noreferrer\"><br \/>\n<\/a><\/li>\n<li><strong>The Town Crier : Journal desservant Manila et le nord-est de l\u2019Arkansas<br \/>\n<\/strong><a title=\"TamaWrap<sup>\u00ae<\/sup> Cotton modules go pink\" href=\"http:\/\/www.thetown-crier.com\/story\/2020945.html\" target=\"_blank\" rel=\"noopener noreferrer\">Balles de coton habill\u00e9es en rose<br \/>\n<\/a><\/li>\n<\/ul>\n<p><strong>Liens sociaux de Tama:<\/strong><\/p>\n<ul>\n<li><a title=\"Page Facebook officielle de Tama\" href=\"https:\/\/www.facebook.com\/Tama.fgs\" target=\"_blank\" rel=\"noopener noreferrer\">Page Facebook officielle de Tama<br \/>\n<\/a><\/li>\n<li><a title=\"Cha\u00eene officielle You Tube de Tama\" href=\"https:\/\/www.youtube.com\/c\/TamaFarmGrownSolutionsCorporate\" target=\"_blank\" rel=\"noopener noreferrer\">Cha\u00eene officielle You Tube de Tama<br \/>\n<\/a><\/li>\n<\/ul>\n","protected":false},"excerpt":{"rendered":"<p>Liens pratiques: Optimisation de l\u2019accessoire de filet d\u2019enrobage sur les presses des s\u00e9ries 7 et 8 John Deere pour emp\u00eacher&hellip; <a href=\"https:\/\/www.tamacanada.ca\/fr\/liens-utiles\/\" class=\"readMore\" title=\"Liens Utiles\">Lire plus\u2026<\/a><\/p>\n","protected":false},"author":1,"featured_media":503,"parent":0,"menu_order":0,"comment_status":"closed","ping_status":"open","template":"","meta":{"footnotes":""},"class_list":["post-501","page","type-page","status-publish","has-post-thumbnail","hentry"],"aioseo_notices":[],"_links":{"self":[{"href":"https:\/\/www.tamacanada.ca\/fr\/wp-json\/wp\/v2\/pages\/501","targetHints":{"allow":["GET"]}}],"collection":[{"href":"https:\/\/www.tamacanada.ca\/fr\/wp-json\/wp\/v2\/pages"}],"about":[{"href":"https:\/\/www.tamacanada.ca\/fr\/wp-json\/wp\/v2\/types\/page"}],"author":[{"embeddable":true,"href":"https:\/\/www.tamacanada.ca\/fr\/wp-json\/wp\/v2\/users\/1"}],"replies":[{"embeddable":true,"href":"https:\/\/www.tamacanada.ca\/fr\/wp-json\/wp\/v2\/comments?post=501"}],"version-history":[{"count":21,"href":"https:\/\/www.tamacanada.ca\/fr\/wp-json\/wp\/v2\/pages\/501\/revisions"}],"predecessor-version":[{"id":2136,"href":"https:\/\/www.tamacanada.ca\/fr\/wp-json\/wp\/v2\/pages\/501\/revisions\/2136"}],"wp:featuredmedia":[{"embeddable":true,"href":"https:\/\/www.tamacanada.ca\/fr\/wp-json\/wp\/v2\/media\/503"}],"wp:attachment":[{"href":"https:\/\/www.tamacanada.ca\/fr\/wp-json\/wp\/v2\/media?parent=501"}],"curies":[{"name":"wp","href":"https:\/\/api.w.org\/{rel}","templated":true}]}}